{"id":3,"date":"2024-12-29T21:49:25","date_gmt":"2024-12-29T21:49:25","guid":{"rendered":"https:\/\/tempuste.ee\/?page_id=3"},"modified":"2024-12-30T14:27:56","modified_gmt":"2024-12-30T14:27:56","slug":"privaatsustingimused","status":"publish","type":"page","link":"https:\/\/tempuste.ee\/en\/privaatsustingimused\/","title":{"rendered":"Privacy Policy"},"content":{"rendered":"<div data-elementor-type=\"wp-page\" data-elementor-id=\"3\" class=\"elementor elementor-3\">\n\t\t\t\t<div class=\"elementor-element elementor-element-57be9f4 e-flex e-con-boxed e-con e-parent\" data-id=\"57be9f4\" data-element_type=\"container\" data-e-type=\"container\">\n\t\t\t\t\t<div class=\"e-con-inner\">\n\t\t\t\t<div class=\"elementor-element elementor-element-95c6f04 elementor-widget elementor-widget-heading\" data-id=\"95c6f04\" data-element_type=\"widget\" data-e-type=\"widget\" data-widget_type=\"heading.default\">\n\t\t\t\t<div class=\"elementor-widget-container\">\n\t\t\t\t\t<h3 class=\"elementor-heading-title elementor-size-default\">Privacy Policy<\/h3>\t\t\t\t<\/div>\n\t\t\t\t<\/div>\n\t\t\t\t\t<\/div>\n\t\t\t\t<\/div>\n\t\t<div class=\"elementor-element elementor-element-50585da3 e-flex e-con-boxed e-con e-parent\" data-id=\"50585da3\" data-element_type=\"container\" data-e-type=\"container\">\n\t\t\t\t\t<div class=\"e-con-inner\">\n\t\t\t\t<div class=\"elementor-element elementor-element-453a0368 elementor-widget elementor-widget-text-editor\" data-id=\"453a0368\" data-element_type=\"widget\" data-e-type=\"widget\" data-widget_type=\"text-editor.default\">\n\t\t\t\t<div class=\"elementor-widget-container\">\n\t\t\t\t\t\t\t\t\t\n<p>Last updated: 30.12.2024<\/p>\n<p>Our website www.tempuste.ee is committed to protecting your privacy. This privacy policy explains what information we collect, how we use it, and how we protect your personal information.<\/p>\n<h4 class=\"wp-block-heading\">1. What information do we collect?<\/h4>\n\n<p>We collect information you provide when you contact us, such as:<\/p>\n<ul>\n<li>Your name<\/li>\n<li>Your email<\/li>\n<\/ul>\n\n<h4 class=\"wp-block-heading\">2. How do we use your information?<\/h4>\n\n<p>Your personal data will only be used for the following purposes:<\/p>\n<ul>\n<li>To respond to your messages and inquiries<\/li>\n<li>To organize accommodation bookings<\/li>\n<li>To improve the quality of service<\/li>\n<\/ul>\n\n<h4 class=\"wp-block-heading\">3. Data storage and security<\/h4>\n\n<ul>\n<li>Your data will be stored as long as it is necessary to respond to your inquiries and provide the service.<\/li>\n<li>We implement appropriate security measures to protect your personal information from unauthorized access, modification or disclosure.<\/li>\n<\/ul>\n\n<h4 class=\"wp-block-heading\">4. Third party services<\/h4>\n\n<p>We do not share your personal data with third parties, except as required by law or as necessary to provide our services.<\/p>\n\n<h4 class=\"wp-block-heading\">5. Your Rights<\/h4>\n\n<p>You are entitled to:<\/p>\n<ul>\n<li>Find out what information we hold about you.<\/li>\n<li>Demand correction of incorrect data or deletion of data.<\/li>\n<li>Contact us if you have any questions about the use of your data.<\/li>\n<\/ul>\n\n<h4 class=\"wp-block-heading\">6. Cookies<\/h4>\n\n<p>Our website uses cookies that are necessary for the website to function properly. These cookies are set by default in the WordPress content management system and help us ensure you have a smooth and secure user experience.<\/p>\n<h5>What cookies are used?<\/h5>\n<ul>\n<li>Essential cookies. These cookies are necessary for basic website functionality, such as maintaining login sessions (if applicable) and security. Without these cookies, the website cannot function properly.<\/li>\n<\/ul>\n\n<h4 class=\"wp-block-heading\">7. Questions and contact<\/h4>\n\n<p>If you have any questions or would like to make a request regarding your personal data, please contact:<\/p>\n<ul>\n<li>Email: info@tempuste.ee<\/li>\n<\/ul>\n\n<h4 class=\"wp-block-heading\">8. Modification of terms<\/h4>\n\n<p>We may update these privacy terms from time to time. We ask that you review these terms regularly.<\/p>\n<p>Your privacy is important to us and we are always available to answer your questions or concerns.<\/p>\n\t\t\t\t\t\t\t\t<\/div>\n\t\t\t\t<\/div>\n\t\t\t\t\t<\/div>\n\t\t\t\t<\/div>\n\t\t\t\t<\/div>","protected":false},"excerpt":{"rendered":"<p>Privaatsustingimused Viimati uuendatud: 30.12.2024 Meie koduleht www.tempuste.ee on p\u00fchendunud teie privaatsuse kaitsmisele. K\u00e4esolevad privaatsustingimused selgitavad, millist teavet me kogume, kuidas seda kasutame ning kuidas kaitseme teie isikuandmeid. 1. Millist teavet me kogume? Me kogume teavet, mille esitate meiega \u00fchenduse v\u00f5tmisel, n\u00e4iteks: Teie nimi E-posti aadress 2. Kuidas me teie teavet kasutame? Teie isikuandmeid kasutatakse ainult [&hellip;]<\/p>\n","protected":false},"author":1,"featured_media":0,"parent":0,"menu_order":0,"comment_status":"closed","ping_status":"closed","template":"","meta":{"site-sidebar-layout":"default","site-content-layout":"","ast-site-content-layout":"default","site-content-style":"default","site-sidebar-style":"default","ast-global-header-display":"","ast-banner-title-visibility":"","ast-main-header-display":"","ast-hfb-above-header-display":"","ast-hfb-below-header-display":"","ast-hfb-mobile-header-display":"","site-post-title":"disabled","ast-breadcrumbs-content":"","ast-featured-img":"","footer-sml-layout":"","ast-disable-related-posts":"","theme-transparent-header-meta":"","adv-header-id-meta":"","stick-header-meta":"","header-above-stick-meta":"","header-main-stick-meta":"","header-below-stick-meta":"","astra-migrate-meta-layouts":"set","ast-page-background-enabled":"default","ast-page-background-meta":{"desktop":{"background-color":"","background-image":"","background-repeat":"repeat","background-position":"center center","background-size":"auto","background-attachment":"scroll","background-type":"","background-media":"","overlay-type":"","overlay-color":"","overlay-opacity":"","overlay-gradient":""},"tablet":{"background-color":"","background-image":"","background-repeat":"repeat","background-position":"center center","background-size":"auto","background-attachment":"scroll","background-type":"","background-media":"","overlay-type":"","overlay-color":"","overlay-opacity":"","overlay-gradient":""},"mobile":{"background-color":"","background-image":"","background-repeat":"repeat","background-position":"center center","background-size":"auto","background-attachment":"scroll","background-type":"","background-media":"","overlay-type":"","overlay-color":"","overlay-opacity":"","overlay-gradient":""}},"ast-content-background-meta":{"desktop":{"background-color":"var(--ast-global-color-5)","background-image":"","background-repeat":"repeat","background-position":"center center","background-size":"auto","background-attachment":"scroll","background-type":"","background-media":"","overlay-type":"","overlay-color":"","overlay-opacity":"","overlay-gradient":""},"tablet":{"background-color":"var(--ast-global-color-5)","background-image":"","background-repeat":"repeat","background-position":"center center","background-size":"auto","background-attachment":"scroll","background-type":"","background-media":"","overlay-type":"","overlay-color":"","overlay-opacity":"","overlay-gradient":""},"mobile":{"background-color":"var(--ast-global-color-5)","background-image":"","background-repeat":"repeat","background-position":"center center","background-size":"auto","background-attachment":"scroll","background-type":"","background-media":"","overlay-type":"","overlay-color":"","overlay-opacity":"","overlay-gradient":""}},"footnotes":""},"class_list":["post-3","page","type-page","status-publish","hentry"],"yoast_head":"<!-- This site is optimized with the Yoast SEO plugin v27.6 - https:\/\/yoast.com\/product\/yoast-seo-wordpress\/ -->\n<title>Privaatsustingimused - Tempus Te<\/title>\n<meta name=\"robots\" content=\"index, follow, max-snippet:-1, max-image-preview:large, max-video-preview:-1\" \/>\n<link rel=\"canonical\" href=\"https:\/\/tempuste.ee\/en\/privaatsustingimused\/\" \/>\n<meta property=\"og:locale\" content=\"en_GB\" \/>\n<meta property=\"og:type\" content=\"article\" \/>\n<meta property=\"og:title\" content=\"Privaatsustingimused - Tempus Te\" \/>\n<meta property=\"og:description\" content=\"Privaatsustingimused Viimati uuendatud: 30.12.2024 Meie koduleht www.tempuste.ee on p\u00fchendunud teie privaatsuse kaitsmisele. K\u00e4esolevad privaatsustingimused selgitavad, millist teavet me kogume, kuidas seda kasutame ning kuidas kaitseme teie isikuandmeid. 1. Millist teavet me kogume? Me kogume teavet, mille esitate meiega \u00fchenduse v\u00f5tmisel, n\u00e4iteks: Teie nimi E-posti aadress 2. Kuidas me teie teavet kasutame? Teie isikuandmeid kasutatakse ainult [&hellip;]\" \/>\n<meta property=\"og:url\" content=\"https:\/\/tempuste.ee\/en\/privaatsustingimused\/\" \/>\n<meta property=\"og:site_name\" content=\"Tempus Te\" \/>\n<meta property=\"article:modified_time\" content=\"2024-12-30T14:27:56+00:00\" \/>\n<meta name=\"twitter:card\" content=\"summary_large_image\" \/>\n<meta name=\"twitter:label1\" content=\"Estimated reading time\" \/>\n\t<meta name=\"twitter:data1\" content=\"2 minutes\" \/>\n<script type=\"application\/ld+json\" class=\"yoast-schema-graph\">{\"@context\":\"https:\\\/\\\/schema.org\",\"@graph\":[{\"@type\":\"WebPage\",\"@id\":\"https:\\\/\\\/tempuste.ee\\\/privaatsustingimused\\\/\",\"url\":\"https:\\\/\\\/tempuste.ee\\\/privaatsustingimused\\\/\",\"name\":\"Privaatsustingimused - Tempus Te\",\"isPartOf\":{\"@id\":\"https:\\\/\\\/tempuste.ee\\\/#website\"},\"datePublished\":\"2024-12-29T21:49:25+00:00\",\"dateModified\":\"2024-12-30T14:27:56+00:00\",\"breadcrumb\":{\"@id\":\"https:\\\/\\\/tempuste.ee\\\/privaatsustingimused\\\/#breadcrumb\"},\"inLanguage\":\"en-GB\",\"potentialAction\":[{\"@type\":\"ReadAction\",\"target\":[\"https:\\\/\\\/tempuste.ee\\\/privaatsustingimused\\\/\"]}]},{\"@type\":\"BreadcrumbList\",\"@id\":\"https:\\\/\\\/tempuste.ee\\\/privaatsustingimused\\\/#breadcrumb\",\"itemListElement\":[{\"@type\":\"ListItem\",\"position\":1,\"name\":\"Home\",\"item\":\"https:\\\/\\\/tempuste.ee\\\/\"},{\"@type\":\"ListItem\",\"position\":2,\"name\":\"Privaatsustingimused\"}]},{\"@type\":\"WebSite\",\"@id\":\"https:\\\/\\\/tempuste.ee\\\/#website\",\"url\":\"https:\\\/\\\/tempuste.ee\\\/\",\"name\":\"Tempus Te\",\"description\":\"K\u00fclaliskorterid Tartus, P\u00e4rnus ja Tallinnas\",\"publisher\":{\"@id\":\"https:\\\/\\\/tempuste.ee\\\/#organization\"},\"potentialAction\":[{\"@type\":\"SearchAction\",\"target\":{\"@type\":\"EntryPoint\",\"urlTemplate\":\"https:\\\/\\\/tempuste.ee\\\/?s={search_term_string}\"},\"query-input\":{\"@type\":\"PropertyValueSpecification\",\"valueRequired\":true,\"valueName\":\"search_term_string\"}}],\"inLanguage\":\"en-GB\"},{\"@type\":\"Organization\",\"@id\":\"https:\\\/\\\/tempuste.ee\\\/#organization\",\"name\":\"Tempus Te\",\"url\":\"https:\\\/\\\/tempuste.ee\\\/\",\"logo\":{\"@type\":\"ImageObject\",\"inLanguage\":\"en-GB\",\"@id\":\"https:\\\/\\\/tempuste.ee\\\/#\\\/schema\\\/logo\\\/image\\\/\",\"url\":\"https:\\\/\\\/tempuste.ee\\\/wp-content\\\/uploads\\\/2024\\\/12\\\/cropped-tempsu-te-2.png\",\"contentUrl\":\"https:\\\/\\\/tempuste.ee\\\/wp-content\\\/uploads\\\/2024\\\/12\\\/cropped-tempsu-te-2.png\",\"width\":1000,\"height\":587,\"caption\":\"Tempus Te\"},\"image\":{\"@id\":\"https:\\\/\\\/tempuste.ee\\\/#\\\/schema\\\/logo\\\/image\\\/\"}}]}<\/script>\n<!-- \/ Yoast SEO plugin. -->","yoast_head_json":{"title":"Privaatsustingimused - Tempus Te","robots":{"index":"index","follow":"follow","max-snippet":"max-snippet:-1","max-image-preview":"max-image-preview:large","max-video-preview":"max-video-preview:-1"},"canonical":"https:\/\/tempuste.ee\/en\/privaatsustingimused\/","og_locale":"en_GB","og_type":"article","og_title":"Privaatsustingimused - Tempus Te","og_description":"Privaatsustingimused Viimati uuendatud: 30.12.2024 Meie koduleht www.tempuste.ee on p\u00fchendunud teie privaatsuse kaitsmisele. K\u00e4esolevad privaatsustingimused selgitavad, millist teavet me kogume, kuidas seda kasutame ning kuidas kaitseme teie isikuandmeid. 1. Millist teavet me kogume? Me kogume teavet, mille esitate meiega \u00fchenduse v\u00f5tmisel, n\u00e4iteks: Teie nimi E-posti aadress 2. Kuidas me teie teavet kasutame? Teie isikuandmeid kasutatakse ainult [&hellip;]","og_url":"https:\/\/tempuste.ee\/en\/privaatsustingimused\/","og_site_name":"Tempus Te","article_modified_time":"2024-12-30T14:27:56+00:00","twitter_card":"summary_large_image","twitter_misc":{"Estimated reading time":"2 minutes"},"schema":{"@context":"https:\/\/schema.org","@graph":[{"@type":"WebPage","@id":"https:\/\/tempuste.ee\/privaatsustingimused\/","url":"https:\/\/tempuste.ee\/privaatsustingimused\/","name":"Privaatsustingimused - Tempus Te","isPartOf":{"@id":"https:\/\/tempuste.ee\/#website"},"datePublished":"2024-12-29T21:49:25+00:00","dateModified":"2024-12-30T14:27:56+00:00","breadcrumb":{"@id":"https:\/\/tempuste.ee\/privaatsustingimused\/#breadcrumb"},"inLanguage":"en-GB","potentialAction":[{"@type":"ReadAction","target":["https:\/\/tempuste.ee\/privaatsustingimused\/"]}]},{"@type":"BreadcrumbList","@id":"https:\/\/tempuste.ee\/privaatsustingimused\/#breadcrumb","itemListElement":[{"@type":"ListItem","position":1,"name":"Home","item":"https:\/\/tempuste.ee\/"},{"@type":"ListItem","position":2,"name":"Privaatsustingimused"}]},{"@type":"WebSite","@id":"https:\/\/tempuste.ee\/#website","url":"https:\/\/tempuste.ee\/","name":"Tempus Te","description":"K\u00fclaliskorterid Tartus, P\u00e4rnus ja Tallinnas","publisher":{"@id":"https:\/\/tempuste.ee\/#organization"},"potentialAction":[{"@type":"SearchAction","target":{"@type":"EntryPoint","urlTemplate":"https:\/\/tempuste.ee\/?s={search_term_string}"},"query-input":{"@type":"PropertyValueSpecification","valueRequired":true,"valueName":"search_term_string"}}],"inLanguage":"en-GB"},{"@type":"Organization","@id":"https:\/\/tempuste.ee\/#organization","name":"Tempus Te","url":"https:\/\/tempuste.ee\/","logo":{"@type":"ImageObject","inLanguage":"en-GB","@id":"https:\/\/tempuste.ee\/#\/schema\/logo\/image\/","url":"https:\/\/tempuste.ee\/wp-content\/uploads\/2024\/12\/cropped-tempsu-te-2.png","contentUrl":"https:\/\/tempuste.ee\/wp-content\/uploads\/2024\/12\/cropped-tempsu-te-2.png","width":1000,"height":587,"caption":"Tempus Te"},"image":{"@id":"https:\/\/tempuste.ee\/#\/schema\/logo\/image\/"}}]}},"_links":{"self":[{"href":"https:\/\/tempuste.ee\/en\/wp-json\/wp\/v2\/pages\/3","targetHints":{"allow":["GET"]}}],"collection":[{"href":"https:\/\/tempuste.ee\/en\/wp-json\/wp\/v2\/pages"}],"about":[{"href":"https:\/\/tempuste.ee\/en\/wp-json\/wp\/v2\/types\/page"}],"author":[{"embeddable":true,"href":"https:\/\/tempuste.ee\/en\/wp-json\/wp\/v2\/users\/1"}],"replies":[{"embeddable":true,"href":"https:\/\/tempuste.ee\/en\/wp-json\/wp\/v2\/comments?post=3"}],"version-history":[{"count":17,"href":"https:\/\/tempuste.ee\/en\/wp-json\/wp\/v2\/pages\/3\/revisions"}],"predecessor-version":[{"id":1416,"href":"https:\/\/tempuste.ee\/en\/wp-json\/wp\/v2\/pages\/3\/revisions\/1416"}],"wp:attachment":[{"href":"https:\/\/tempuste.ee\/en\/wp-json\/wp\/v2\/media?parent=3"}],"curies":[{"name":"wp","href":"https:\/\/api.w.org\/{rel}","templated":true}]}}