{"id":146,"date":"2024-12-29T22:56:25","date_gmt":"2024-12-29T22:56:25","guid":{"rendered":"https:\/\/tempuste.ee\/amenities\/"},"modified":"2026-03-23T12:27:12","modified_gmt":"2026-03-23T10:27:12","slug":"meist","status":"publish","type":"page","link":"https:\/\/tempuste.ee\/en\/meist\/","title":{"rendered":"About"},"content":{"rendered":"<div data-elementor-type=\"wp-page\" data-elementor-id=\"146\" class=\"elementor elementor-146\">\n\t\t\t\t<div class=\"elementor-element elementor-element-5c03390 e-flex e-con-boxed e-con e-parent\" data-id=\"5c03390\" data-element_type=\"container\" data-e-type=\"container\" data-settings=\"{&quot;background_background&quot;:&quot;classic&quot;}\">\n\t\t\t\t\t<div class=\"e-con-inner\">\n\t\t\t\t<div class=\"elementor-element elementor-element-5d49c2c elementor-widget elementor-widget-heading\" data-id=\"5d49c2c\" data-element_type=\"widget\" data-e-type=\"widget\" data-widget_type=\"heading.default\">\n\t\t\t\t<div class=\"elementor-widget-container\">\n\t\t\t\t\t<h2 class=\"elementor-heading-title elementor-size-default\">About<\/h2>\t\t\t\t<\/div>\n\t\t\t\t<\/div>\n\t\t\t\t\t<\/div>\n\t\t\t\t<\/div>\n\t\t<div class=\"elementor-element elementor-element-a679618 e-flex e-con-boxed e-con e-parent\" data-id=\"a679618\" data-element_type=\"container\" data-e-type=\"container\" data-settings=\"{&quot;background_background&quot;:&quot;classic&quot;}\">\n\t\t\t\t\t<div class=\"e-con-inner\">\n\t\t<div class=\"elementor-element elementor-element-04ba79f e-con-full e-flex e-con e-child\" data-id=\"04ba79f\" data-element_type=\"container\" data-e-type=\"container\">\n\t\t\t\t<div class=\"elementor-element elementor-element-b57a1e4 elementor-widget elementor-widget-heading\" data-id=\"b57a1e4\" data-element_type=\"widget\" data-e-type=\"widget\" data-widget_type=\"heading.default\">\n\t\t\t\t<div class=\"elementor-widget-container\">\n\t\t\t\t\t<h2 class=\"elementor-heading-title elementor-size-default\">Tempus Te story<\/h2>\t\t\t\t<\/div>\n\t\t\t\t<\/div>\n\t\t\t\t<div class=\"elementor-element elementor-element-fcd4764 elementor-widget elementor-widget-text-editor\" data-id=\"fcd4764\" data-element_type=\"widget\" data-e-type=\"widget\" data-widget_type=\"text-editor.default\">\n\t\t\t\t<div class=\"elementor-widget-container\">\n\t\t\t\t\t\t\t\t\t<p class=\"font_8 wixui-rich-text__text\"><span class=\"wixui-rich-text__text\">Tempus Te was founded a few years ago out of a great interest in hospitality and marketing experiences. Since then, we have been welcoming guests to our luxurious and stylish Tempus Te holiday homes - a home where time stands still for great relaxation.\u00a0<\/span><\/p><p class=\"font_8 wixui-rich-text__text\"><span class=\"wixui-rich-text__text\">Our holiday accommodation offers a unique combination of comfort and style, allowing you to feel at home away from home.<\/span><\/p>\t\t\t\t\t\t\t\t<\/div>\n\t\t\t\t<\/div>\n\t\t\t\t<div class=\"elementor-element elementor-element-f655ab2 elementor-widget elementor-widget-heading\" data-id=\"f655ab2\" data-element_type=\"widget\" data-e-type=\"widget\" data-widget_type=\"heading.default\">\n\t\t\t\t<div class=\"elementor-widget-container\">\n\t\t\t\t\t<h5 class=\"elementor-heading-title elementor-size-default\">Follow us on social media<\/h5>\t\t\t\t<\/div>\n\t\t\t\t<\/div>\n\t\t\t\t<div class=\"elementor-element elementor-element-66e6f8c elementor-shape-circle e-grid-align-left elementor-grid-0 elementor-widget elementor-widget-social-icons\" data-id=\"66e6f8c\" data-element_type=\"widget\" data-e-type=\"widget\" data-widget_type=\"social-icons.default\">\n\t\t\t\t<div class=\"elementor-widget-container\">\n\t\t\t\t\t\t\t<div class=\"elementor-social-icons-wrapper elementor-grid\" role=\"list\">\n\t\t\t\t\t\t\t<span class=\"elementor-grid-item\" role=\"listitem\">\n\t\t\t\t\t<a class=\"elementor-icon elementor-social-icon elementor-social-icon-facebook elementor-animation-grow elementor-repeater-item-15717e3\" href=\"https:\/\/www.facebook.com\/Tempuste.estonia\" target=\"_blank\">\n\t\t\t\t\t\t<span class=\"elementor-screen-only\">Facebook<\/span>\n\t\t\t\t\t\t<svg aria-hidden=\"true\" class=\"e-font-icon-svg e-fab-facebook\" viewbox=\"0 0 512 512\" xmlns=\"http:\/\/www.w3.org\/2000\/svg\"><path d=\"M504 256C504 119 393 8 256 8S8 119 8 256c0 123.78 90.69 226.38 209.25 245V327.69h-63V256h63v-54.64c0-62.15 37-96.48 93.67-96.48 27.14 0 55.52 4.84 55.52 4.84v61h-31.28c-30.8 0-40.41 19.12-40.41 38.73V256h68.78l-11 71.69h-57.78V501C413.31 482.38 504 379.78 504 256z\"><\/path><\/svg>\t\t\t\t\t<\/a>\n\t\t\t\t<\/span>\n\t\t\t\t\t\t\t<span class=\"elementor-grid-item\" role=\"listitem\">\n\t\t\t\t\t<a class=\"elementor-icon elementor-social-icon elementor-social-icon-instagram elementor-animation-grow elementor-repeater-item-9f752cd\" href=\"https:\/\/www.instagram.com\/tempuste.estonia\" target=\"_blank\">\n\t\t\t\t\t\t<span class=\"elementor-screen-only\">Instagram<\/span>\n\t\t\t\t\t\t<svg aria-hidden=\"true\" class=\"e-font-icon-svg e-fab-instagram\" viewbox=\"0 0 448 512\" xmlns=\"http:\/\/www.w3.org\/2000\/svg\"><path d=\"M224.1 141c-63.6 0-114.9 51.3-114.9 114.9s51.3 114.9 114.9 114.9S339 319.5 339 255.9 287.7 141 224.1 141zm0 189.6c-41.1 0-74.7-33.5-74.7-74.7s33.5-74.7 74.7-74.7 74.7 33.5 74.7 74.7-33.6 74.7-74.7 74.7zm146.4-194.3c0 14.9-12 26.8-26.8 26.8-14.9 0-26.8-12-26.8-26.8s12-26.8 26.8-26.8 26.8 12 26.8 26.8zm76.1 27.2c-1.7-35.9-9.9-67.7-36.2-93.9-26.2-26.2-58-34.4-93.9-36.2-37-2.1-147.9-2.1-184.9 0-35.8 1.7-67.6 9.9-93.9 36.1s-34.4 58-36.2 93.9c-2.1 37-2.1 147.9 0 184.9 1.7 35.9 9.9 67.7 36.2 93.9s58 34.4 93.9 36.2c37 2.1 147.9 2.1 184.9 0 35.9-1.7 67.7-9.9 93.9-36.2 26.2-26.2 34.4-58 36.2-93.9 2.1-37 2.1-147.8 0-184.8zM398.8 388c-7.8 19.6-22.9 34.7-42.6 42.6-29.5 11.7-99.5 9-132.1 9s-102.7 2.6-132.1-9c-19.6-7.8-34.7-22.9-42.6-42.6-11.7-29.5-9-99.5-9-132.1s-2.6-102.7 9-132.1c7.8-19.6 22.9-34.7 42.6-42.6 29.5-11.7 99.5-9 132.1-9s102.7-2.6 132.1 9c19.6 7.8 34.7 22.9 42.6 42.6 11.7 29.5 9 99.5 9 132.1s2.7 102.7-9 132.1z\"><\/path><\/svg>\t\t\t\t\t<\/a>\n\t\t\t\t<\/span>\n\t\t\t\t\t<\/div>\n\t\t\t\t\t\t<\/div>\n\t\t\t\t<\/div>\n\t\t\t\t<\/div>\n\t\t<div class=\"elementor-element elementor-element-aa77d81 e-con-full e-flex e-con e-child\" data-id=\"aa77d81\" data-element_type=\"container\" data-e-type=\"container\">\n\t\t\t\t<div class=\"elementor-element elementor-element-16df1a0 elementor-widget elementor-widget-image\" data-id=\"16df1a0\" data-element_type=\"widget\" data-e-type=\"widget\" data-widget_type=\"image.default\">\n\t\t\t\t<div class=\"elementor-widget-container\">\n\t\t\t\t\t\t\t\t\t\t\t\t\t\t\t<img fetchpriority=\"high\" decoding=\"async\" width=\"1920\" height=\"1281\" src=\"https:\/\/tempuste.ee\/wp-content\/uploads\/2024\/12\/esplanaadi-10-foto-liis-reiman-15-of-20-1.jpg\" class=\"attachment-full size-full wp-image-997\" alt=\"\" srcset=\"https:\/\/tempuste.ee\/wp-content\/uploads\/2024\/12\/esplanaadi-10-foto-liis-reiman-15-of-20-1.jpg 1920w, https:\/\/tempuste.ee\/wp-content\/uploads\/2024\/12\/esplanaadi-10-foto-liis-reiman-15-of-20-1-768x512.jpg 768w\" sizes=\"(max-width: 1920px) 100vw, 1920px\" \/>\t\t\t\t\t\t\t\t\t\t\t\t\t\t\t<\/div>\n\t\t\t\t<\/div>\n\t\t\t\t<\/div>\n\t\t\t\t\t<\/div>\n\t\t\t\t<\/div>\n\t\t<div class=\"elementor-element elementor-element-2f6b588 e-flex e-con-boxed e-con e-parent\" data-id=\"2f6b588\" data-element_type=\"container\" data-e-type=\"container\" data-settings=\"{&quot;background_background&quot;:&quot;classic&quot;}\">\n\t\t\t\t\t<div class=\"e-con-inner\">\n\t\t<div class=\"elementor-element elementor-element-1414fb0 e-con-full e-flex e-con e-child\" data-id=\"1414fb0\" data-element_type=\"container\" data-e-type=\"container\" data-settings=\"{&quot;background_background&quot;:&quot;classic&quot;}\">\n\t\t\t\t<div class=\"elementor-element elementor-element-57d2881 elementor-widget elementor-widget-heading\" data-id=\"57d2881\" data-element_type=\"widget\" data-e-type=\"widget\" data-widget_type=\"heading.default\">\n\t\t\t\t<div class=\"elementor-widget-container\">\n\t\t\t\t\t<h2 class=\"elementor-heading-title elementor-size-default\">Apartments<\/h2>\t\t\t\t<\/div>\n\t\t\t\t<\/div>\n\t\t\t\t<div class=\"elementor-element elementor-element-2e4fbab elementor-widget elementor-widget-text-editor\" data-id=\"2e4fbab\" data-element_type=\"widget\" data-e-type=\"widget\" data-widget_type=\"text-editor.default\">\n\t\t\t\t<div class=\"elementor-widget-container\">\n\t\t\t\t\t\t\t\t\t<p class=\"font_8 wixui-rich-text__text\">Each property in our collection has been carefully selected to offer a truly memorable experience, combining the comforts of home with the amenities of a top-notch hotel. Tempus Te offers a variety of unforgettable accommodation experiences tailored to your wishes: from modern homes in city centers to glamorous tented accommodation in the lap of nature.\u00a0<\/p>\t\t\t\t\t\t\t\t<\/div>\n\t\t\t\t<\/div>\n\t\t\t\t<div class=\"elementor-element elementor-element-3988826 elementor-widget elementor-widget-text-editor\" data-id=\"3988826\" data-element_type=\"widget\" data-e-type=\"widget\" data-widget_type=\"text-editor.default\">\n\t\t\t\t<div class=\"elementor-widget-container\">\n\t\t\t\t\t\t\t\t\t<p>The goal of Tempus Te is to make every guest feel special and relaxed throughout their stay. That\u2019s why we have chosen and furnished all our apartments with great care, heart, and dedication.<\/p>\t\t\t\t\t\t\t\t<\/div>\n\t\t\t\t<\/div>\n\t\t\t\t<div class=\"elementor-element elementor-element-a190771 elementor-align-center elementor-widget elementor-widget-button\" data-id=\"a190771\" data-element_type=\"widget\" data-e-type=\"widget\" data-widget_type=\"button.default\">\n\t\t\t\t<div class=\"elementor-widget-container\">\n\t\t\t\t\t\t\t\t\t<div class=\"elementor-button-wrapper\">\n\t\t\t\t\t<a class=\"elementor-button elementor-button-link elementor-size-sm\" href=\"https:\/\/tempuste.ee\/en\/majutused\/\">\n\t\t\t\t\t\t<span class=\"elementor-button-content-wrapper\">\n\t\t\t\t\t\t\t\t\t<span class=\"elementor-button-text\">Vaata majutusi<\/span>\n\t\t\t\t\t<\/span>\n\t\t\t\t\t<\/a>\n\t\t\t\t<\/div>\n\t\t\t\t\t\t\t\t<\/div>\n\t\t\t\t<\/div>\n\t\t\t\t<\/div>\n\t\t\t\t\t<\/div>\n\t\t\t\t<\/div>\n\t\t<div class=\"elementor-element elementor-element-e97f3e6 e-flex e-con-boxed e-con e-parent\" data-id=\"e97f3e6\" data-element_type=\"container\" data-e-type=\"container\">\n\t\t\t\t\t<div class=\"e-con-inner\">\n\t\t\t\t<div class=\"elementor-element elementor-element-96b36ff elementor-widget elementor-widget-heading\" data-id=\"96b36ff\" data-element_type=\"widget\" data-e-type=\"widget\" data-widget_type=\"heading.default\">\n\t\t\t\t<div class=\"elementor-widget-container\">\n\t\t\t\t\t<h3 class=\"elementor-heading-title elementor-size-default\">Write to us!<\/h3>\t\t\t\t<\/div>\n\t\t\t\t<\/div>\n\t\t\t\t<div class=\"elementor-element elementor-element-955dd2f elementor-widget elementor-widget-text-editor\" data-id=\"955dd2f\" data-element_type=\"widget\" data-e-type=\"widget\" data-widget_type=\"text-editor.default\">\n\t\t\t\t<div class=\"elementor-widget-container\">\n\t\t\t\t\t\t\t\t\t<p>If you want more information about our accommodations or need help making a reservation, don't hesitate to contact us. We are always ready to answer your questions and help you find the right solution for you.<\/p>\t\t\t\t\t\t\t\t<\/div>\n\t\t\t\t<\/div>\n\t\t\t\t<div class=\"elementor-element elementor-element-b00f7e6 elementor-align-center elementor-widget elementor-widget-button\" data-id=\"b00f7e6\" data-element_type=\"widget\" data-e-type=\"widget\" data-widget_type=\"button.default\">\n\t\t\t\t<div class=\"elementor-widget-container\">\n\t\t\t\t\t\t\t\t\t<div class=\"elementor-button-wrapper\">\n\t\t\t\t\t<a class=\"elementor-button elementor-button-link elementor-size-sm\" href=\"https:\/\/tempuste.ee\/en\/kontakt\/\">\n\t\t\t\t\t\t<span class=\"elementor-button-content-wrapper\">\n\t\t\t\t\t\t\t\t\t<span class=\"elementor-button-text\">Get in touch<\/span>\n\t\t\t\t\t<\/span>\n\t\t\t\t\t<\/a>\n\t\t\t\t<\/div>\n\t\t\t\t\t\t\t\t<\/div>\n\t\t\t\t<\/div>\n\t\t\t\t\t<\/div>\n\t\t\t\t<\/div>\n\t\t\t\t<\/div>","protected":false},"excerpt":{"rendered":"<p>Meist Tempus Te lugu Tempus Te asutati paar aastat tagasi suurest huvist k\u00fclalislahkuse ja turunduselamuste vastu. Sellest ajast saati oleme tervitanud k\u00fclalisi meie luksuslikes ja stiilsetes Tempus Te puhkekodudes \u2013 kodus, kus aeg j\u00e4\u00e4b suurest l\u00f5\u00f5gastusest seisma.\u00a0 Meie puhkusemajutus pakub ainulaadset kombinatsiooni mugavusest ja stiilist, mis v\u00f5imaldab sul ennast h\u00e4sti tunda ka kodust eemal olles. [&hellip;]<\/p>\n","protected":false},"author":1,"featured_media":0,"parent":0,"menu_order":0,"comment_status":"closed","ping_status":"closed","template":"","meta":{"site-sidebar-layout":"no-sidebar","site-content-layout":"page-builder","ast-site-content-layout":"full-width-container","site-content-style":"unboxed","site-sidebar-style":"unboxed","ast-global-header-display":"","ast-banner-title-visibility":"","ast-main-header-display":"","ast-hfb-above-header-display":"","ast-hfb-below-header-display":"","ast-hfb-mobile-header-display":"","site-post-title":"disabled","ast-breadcrumbs-content":"","ast-featured-img":"disabled","footer-sml-layout":"","ast-disable-related-posts":"","theme-transparent-header-meta":"disabled","adv-header-id-meta":"","stick-header-meta":"","header-above-stick-meta":"","header-main-stick-meta":"","header-below-stick-meta":"","astra-migrate-meta-layouts":"set","ast-page-background-enabled":"default","ast-page-background-meta":{"desktop":{"background-color":"","background-image":"","background-repeat":"repeat","background-position":"center center","background-size":"auto","background-attachment":"scroll","background-type":"","background-media":"","overlay-type":"","overlay-color":"","overlay-opacity":"","overlay-gradient":""},"tablet":{"background-color":"","background-image":"","background-repeat":"repeat","background-position":"center center","background-size":"auto","background-attachment":"scroll","background-type":"","background-media":"","overlay-type":"","overlay-color":"","overlay-opacity":"","overlay-gradient":""},"mobile":{"background-color":"","background-image":"","background-repeat":"repeat","background-position":"center center","background-size":"auto","background-attachment":"scroll","background-type":"","background-media":"","overlay-type":"","overlay-color":"","overlay-opacity":"","overlay-gradient":""}},"ast-content-background-meta":{"desktop":{"background-color":"var(--ast-global-color-5)","background-image":"","background-repeat":"repeat","background-position":"center center","background-size":"auto","background-attachment":"scroll","background-type":"","background-media":"","overlay-type":"","overlay-color":"","overlay-opacity":"","overlay-gradient":""},"tablet":{"background-color":"var(--ast-global-color-5)","background-image":"","background-repeat":"repeat","background-position":"center center","background-size":"auto","background-attachment":"scroll","background-type":"","background-media":"","overlay-type":"","overlay-color":"","overlay-opacity":"","overlay-gradient":""},"mobile":{"background-color":"var(--ast-global-color-5)","background-image":"","background-repeat":"repeat","background-position":"center center","background-size":"auto","background-attachment":"scroll","background-type":"","background-media":"","overlay-type":"","overlay-color":"","overlay-opacity":"","overlay-gradient":""}},"footnotes":""},"class_list":["post-146","page","type-page","status-publish","hentry"],"yoast_head":"<!-- This site is optimized with the Yoast SEO plugin v27.5 - https:\/\/yoast.com\/product\/yoast-seo-wordpress\/ -->\n<title>Meist - Tempus Te<\/title>\n<meta name=\"description\" content=\"Tempus Te k\u00fclaliskorterid Eesti parimates asukohtades: Tartus, P\u00e4rnus, Tallinnas. Meie puhkuse majutus, kus \u00fchineb mugavus ja stiil.\" \/>\n<meta name=\"robots\" content=\"index, follow, max-snippet:-1, max-image-preview:large, max-video-preview:-1\" \/>\n<link rel=\"canonical\" href=\"https:\/\/tempuste.ee\/en\/meist\/\" \/>\n<meta property=\"og:locale\" content=\"en_GB\" \/>\n<meta property=\"og:type\" content=\"article\" \/>\n<meta property=\"og:title\" content=\"Meist - Tempus Te\" \/>\n<meta property=\"og:description\" content=\"Tempus Te k\u00fclaliskorterid Eesti parimates asukohtades: Tartus, P\u00e4rnus, Tallinnas. Meie puhkuse majutus, kus \u00fchineb mugavus ja stiil.\" \/>\n<meta property=\"og:url\" content=\"https:\/\/tempuste.ee\/en\/meist\/\" \/>\n<meta property=\"og:site_name\" content=\"Tempus Te\" \/>\n<meta property=\"article:modified_time\" content=\"2026-03-23T10:27:12+00:00\" \/>\n<meta property=\"og:image\" content=\"https:\/\/tempuste.ee\/wp-content\/uploads\/2024\/12\/esplanaadi-10-foto-liis-reiman-15-of-20-1.jpg\" \/>\n\t<meta property=\"og:image:width\" content=\"1920\" \/>\n\t<meta property=\"og:image:height\" content=\"1281\" \/>\n\t<meta property=\"og:image:type\" content=\"image\/jpeg\" \/>\n<meta name=\"twitter:card\" content=\"summary_large_image\" \/>\n<meta name=\"twitter:label1\" content=\"Estimated reading time\" \/>\n\t<meta name=\"twitter:data1\" content=\"2 minutes\" \/>\n<script type=\"application\/ld+json\" class=\"yoast-schema-graph\">{\"@context\":\"https:\\\/\\\/schema.org\",\"@graph\":[{\"@type\":\"WebPage\",\"@id\":\"https:\\\/\\\/tempuste.ee\\\/meist\\\/\",\"url\":\"https:\\\/\\\/tempuste.ee\\\/meist\\\/\",\"name\":\"Meist - Tempus Te\",\"isPartOf\":{\"@id\":\"https:\\\/\\\/tempuste.ee\\\/#website\"},\"primaryImageOfPage\":{\"@id\":\"https:\\\/\\\/tempuste.ee\\\/meist\\\/#primaryimage\"},\"image\":{\"@id\":\"https:\\\/\\\/tempuste.ee\\\/meist\\\/#primaryimage\"},\"thumbnailUrl\":\"https:\\\/\\\/tempuste.ee\\\/wp-content\\\/uploads\\\/2024\\\/12\\\/esplanaadi-10-foto-liis-reiman-15-of-20-1.jpg\",\"datePublished\":\"2024-12-29T22:56:25+00:00\",\"dateModified\":\"2026-03-23T10:27:12+00:00\",\"description\":\"Tempus Te k\u00fclaliskorterid Eesti parimates asukohtades: Tartus, P\u00e4rnus, Tallinnas. Meie puhkuse majutus, kus \u00fchineb mugavus ja stiil.\",\"breadcrumb\":{\"@id\":\"https:\\\/\\\/tempuste.ee\\\/meist\\\/#breadcrumb\"},\"inLanguage\":\"en-GB\",\"potentialAction\":[{\"@type\":\"ReadAction\",\"target\":[\"https:\\\/\\\/tempuste.ee\\\/meist\\\/\"]}]},{\"@type\":\"ImageObject\",\"inLanguage\":\"en-GB\",\"@id\":\"https:\\\/\\\/tempuste.ee\\\/meist\\\/#primaryimage\",\"url\":\"https:\\\/\\\/tempuste.ee\\\/wp-content\\\/uploads\\\/2024\\\/12\\\/esplanaadi-10-foto-liis-reiman-15-of-20-1.jpg\",\"contentUrl\":\"https:\\\/\\\/tempuste.ee\\\/wp-content\\\/uploads\\\/2024\\\/12\\\/esplanaadi-10-foto-liis-reiman-15-of-20-1.jpg\"},{\"@type\":\"BreadcrumbList\",\"@id\":\"https:\\\/\\\/tempuste.ee\\\/meist\\\/#breadcrumb\",\"itemListElement\":[{\"@type\":\"ListItem\",\"position\":1,\"name\":\"Home\",\"item\":\"https:\\\/\\\/tempuste.ee\\\/\"},{\"@type\":\"ListItem\",\"position\":2,\"name\":\"Meist\"}]},{\"@type\":\"WebSite\",\"@id\":\"https:\\\/\\\/tempuste.ee\\\/#website\",\"url\":\"https:\\\/\\\/tempuste.ee\\\/\",\"name\":\"Tempus Te\",\"description\":\"K\u00fclaliskorterid Tartus, P\u00e4rnus ja Tallinnas\",\"publisher\":{\"@id\":\"https:\\\/\\\/tempuste.ee\\\/#organization\"},\"potentialAction\":[{\"@type\":\"SearchAction\",\"target\":{\"@type\":\"EntryPoint\",\"urlTemplate\":\"https:\\\/\\\/tempuste.ee\\\/?s={search_term_string}\"},\"query-input\":{\"@type\":\"PropertyValueSpecification\",\"valueRequired\":true,\"valueName\":\"search_term_string\"}}],\"inLanguage\":\"en-GB\"},{\"@type\":\"Organization\",\"@id\":\"https:\\\/\\\/tempuste.ee\\\/#organization\",\"name\":\"Tempus Te\",\"url\":\"https:\\\/\\\/tempuste.ee\\\/\",\"logo\":{\"@type\":\"ImageObject\",\"inLanguage\":\"en-GB\",\"@id\":\"https:\\\/\\\/tempuste.ee\\\/#\\\/schema\\\/logo\\\/image\\\/\",\"url\":\"https:\\\/\\\/tempuste.ee\\\/wp-content\\\/uploads\\\/2024\\\/12\\\/cropped-tempsu-te-2.png\",\"contentUrl\":\"https:\\\/\\\/tempuste.ee\\\/wp-content\\\/uploads\\\/2024\\\/12\\\/cropped-tempsu-te-2.png\",\"width\":1000,\"height\":587,\"caption\":\"Tempus Te\"},\"image\":{\"@id\":\"https:\\\/\\\/tempuste.ee\\\/#\\\/schema\\\/logo\\\/image\\\/\"}}]}<\/script>\n<!-- \/ Yoast SEO plugin. -->","yoast_head_json":{"title":"Meist - Tempus Te","description":"Tempus Te k\u00fclaliskorterid Eesti parimates asukohtades: Tartus, P\u00e4rnus, Tallinnas. Meie puhkuse majutus, kus \u00fchineb mugavus ja stiil.","robots":{"index":"index","follow":"follow","max-snippet":"max-snippet:-1","max-image-preview":"max-image-preview:large","max-video-preview":"max-video-preview:-1"},"canonical":"https:\/\/tempuste.ee\/en\/meist\/","og_locale":"en_GB","og_type":"article","og_title":"Meist - Tempus Te","og_description":"Tempus Te k\u00fclaliskorterid Eesti parimates asukohtades: Tartus, P\u00e4rnus, Tallinnas. Meie puhkuse majutus, kus \u00fchineb mugavus ja stiil.","og_url":"https:\/\/tempuste.ee\/en\/meist\/","og_site_name":"Tempus Te","article_modified_time":"2026-03-23T10:27:12+00:00","og_image":[{"width":1920,"height":1281,"url":"https:\/\/tempuste.ee\/wp-content\/uploads\/2024\/12\/esplanaadi-10-foto-liis-reiman-15-of-20-1.jpg","type":"image\/jpeg"}],"twitter_card":"summary_large_image","twitter_misc":{"Estimated reading time":"2 minutes"},"schema":{"@context":"https:\/\/schema.org","@graph":[{"@type":"WebPage","@id":"https:\/\/tempuste.ee\/meist\/","url":"https:\/\/tempuste.ee\/meist\/","name":"Meist - Tempus Te","isPartOf":{"@id":"https:\/\/tempuste.ee\/#website"},"primaryImageOfPage":{"@id":"https:\/\/tempuste.ee\/meist\/#primaryimage"},"image":{"@id":"https:\/\/tempuste.ee\/meist\/#primaryimage"},"thumbnailUrl":"https:\/\/tempuste.ee\/wp-content\/uploads\/2024\/12\/esplanaadi-10-foto-liis-reiman-15-of-20-1.jpg","datePublished":"2024-12-29T22:56:25+00:00","dateModified":"2026-03-23T10:27:12+00:00","description":"Tempus Te k\u00fclaliskorterid Eesti parimates asukohtades: Tartus, P\u00e4rnus, Tallinnas. Meie puhkuse majutus, kus \u00fchineb mugavus ja stiil.","breadcrumb":{"@id":"https:\/\/tempuste.ee\/meist\/#breadcrumb"},"inLanguage":"en-GB","potentialAction":[{"@type":"ReadAction","target":["https:\/\/tempuste.ee\/meist\/"]}]},{"@type":"ImageObject","inLanguage":"en-GB","@id":"https:\/\/tempuste.ee\/meist\/#primaryimage","url":"https:\/\/tempuste.ee\/wp-content\/uploads\/2024\/12\/esplanaadi-10-foto-liis-reiman-15-of-20-1.jpg","contentUrl":"https:\/\/tempuste.ee\/wp-content\/uploads\/2024\/12\/esplanaadi-10-foto-liis-reiman-15-of-20-1.jpg"},{"@type":"BreadcrumbList","@id":"https:\/\/tempuste.ee\/meist\/#breadcrumb","itemListElement":[{"@type":"ListItem","position":1,"name":"Home","item":"https:\/\/tempuste.ee\/"},{"@type":"ListItem","position":2,"name":"Meist"}]},{"@type":"WebSite","@id":"https:\/\/tempuste.ee\/#website","url":"https:\/\/tempuste.ee\/","name":"Tempus Te","description":"K\u00fclaliskorterid Tartus, P\u00e4rnus ja Tallinnas","publisher":{"@id":"https:\/\/tempuste.ee\/#organization"},"potentialAction":[{"@type":"SearchAction","target":{"@type":"EntryPoint","urlTemplate":"https:\/\/tempuste.ee\/?s={search_term_string}"},"query-input":{"@type":"PropertyValueSpecification","valueRequired":true,"valueName":"search_term_string"}}],"inLanguage":"en-GB"},{"@type":"Organization","@id":"https:\/\/tempuste.ee\/#organization","name":"Tempus Te","url":"https:\/\/tempuste.ee\/","logo":{"@type":"ImageObject","inLanguage":"en-GB","@id":"https:\/\/tempuste.ee\/#\/schema\/logo\/image\/","url":"https:\/\/tempuste.ee\/wp-content\/uploads\/2024\/12\/cropped-tempsu-te-2.png","contentUrl":"https:\/\/tempuste.ee\/wp-content\/uploads\/2024\/12\/cropped-tempsu-te-2.png","width":1000,"height":587,"caption":"Tempus Te"},"image":{"@id":"https:\/\/tempuste.ee\/#\/schema\/logo\/image\/"}}]}},"_links":{"self":[{"href":"https:\/\/tempuste.ee\/en\/wp-json\/wp\/v2\/pages\/146","targetHints":{"allow":["GET"]}}],"collection":[{"href":"https:\/\/tempuste.ee\/en\/wp-json\/wp\/v2\/pages"}],"about":[{"href":"https:\/\/tempuste.ee\/en\/wp-json\/wp\/v2\/types\/page"}],"author":[{"embeddable":true,"href":"https:\/\/tempuste.ee\/en\/wp-json\/wp\/v2\/users\/1"}],"replies":[{"embeddable":true,"href":"https:\/\/tempuste.ee\/en\/wp-json\/wp\/v2\/comments?post=146"}],"version-history":[{"count":50,"href":"https:\/\/tempuste.ee\/en\/wp-json\/wp\/v2\/pages\/146\/revisions"}],"predecessor-version":[{"id":1685,"href":"https:\/\/tempuste.ee\/en\/wp-json\/wp\/v2\/pages\/146\/revisions\/1685"}],"wp:attachment":[{"href":"https:\/\/tempuste.ee\/en\/wp-json\/wp\/v2\/media?parent=146"}],"curies":[{"name":"wp","href":"https:\/\/api.w.org\/{rel}","templated":true}]}}