{"id":144,"date":"2024-12-29T22:56:25","date_gmt":"2024-12-29T22:56:25","guid":{"rendered":"https:\/\/tempuste.ee\/rooms-2\/"},"modified":"2024-12-30T15:57:08","modified_gmt":"2024-12-30T15:57:08","slug":"majutused","status":"publish","type":"page","link":"https:\/\/tempuste.ee\/en\/majutused\/","title":{"rendered":"Apartments"},"content":{"rendered":"<div data-elementor-type=\"wp-page\" data-elementor-id=\"144\" class=\"elementor elementor-144\">\n\t\t\t\t<div class=\"elementor-element elementor-element-9821133 e-flex e-con-boxed e-con e-parent\" data-id=\"9821133\" data-element_type=\"container\" data-e-type=\"container\" data-settings=\"{&quot;background_background&quot;:&quot;classic&quot;}\">\n\t\t\t\t\t<div class=\"e-con-inner\">\n\t\t\t\t<div class=\"elementor-element elementor-element-95fa10c elementor-widget elementor-widget-heading\" data-id=\"95fa10c\" data-element_type=\"widget\" data-e-type=\"widget\" data-widget_type=\"heading.default\">\n\t\t\t\t<div class=\"elementor-widget-container\">\n\t\t\t\t\t<h2 class=\"elementor-heading-title elementor-size-default\">Apartments<\/h2>\t\t\t\t<\/div>\n\t\t\t\t<\/div>\n\t\t\t\t<div class=\"elementor-element elementor-element-05e457d elementor-widget elementor-widget-text-editor\" data-id=\"05e457d\" data-element_type=\"widget\" data-e-type=\"widget\" data-widget_type=\"text-editor.default\">\n\t\t\t\t<div class=\"elementor-widget-container\">\n\t\t\t\t\t\t\t\t\t<p>Each property in our collection has been carefully selected to offer a truly memorable experience, combining the comforts of home with the amenities of a top-notch hotel. Tempus Te offers a variety of unforgettable accommodation experiences tailored to your wishes: from modern homes in city centers to glamorous tented accommodation in the lap of nature.\u00a0<\/p>\t\t\t\t\t\t\t\t<\/div>\n\t\t\t\t<\/div>\n\t\t\t\t\t<\/div>\n\t\t\t\t<\/div>\n\t\t<div class=\"elementor-element elementor-element-386835b e-flex e-con-boxed e-con e-parent\" data-id=\"386835b\" data-element_type=\"container\" data-e-type=\"container\" data-settings=\"{&quot;background_background&quot;:&quot;classic&quot;}\">\n\t\t\t\t\t<div class=\"e-con-inner\">\n\t\t<div class=\"elementor-element elementor-element-bd12b4b e-con-full e-flex e-con e-child\" data-id=\"bd12b4b\" data-element_type=\"container\" data-e-type=\"container\">\n\t\t\t\t<div class=\"elementor-element elementor-element-a5f16fe elementor-widget elementor-widget-heading\" data-id=\"a5f16fe\" data-element_type=\"widget\" data-e-type=\"widget\" data-widget_type=\"heading.default\">\n\t\t\t\t<div class=\"elementor-widget-container\">\n\t\t\t\t\t<h4 class=\"elementor-heading-title elementor-size-default\">Tartu<\/h4>\t\t\t\t<\/div>\n\t\t\t\t<\/div>\n\t\t\t\t<div class=\"elementor-element elementor-element-2721447 elementor-widget elementor-widget-image\" data-id=\"2721447\" data-element_type=\"widget\" data-e-type=\"widget\" data-settings=\"{&quot;_animation&quot;:&quot;none&quot;}\" data-widget_type=\"image.default\">\n\t\t\t\t<div class=\"elementor-widget-container\">\n\t\t\t\t\t\t\t\t\t\t\t\t\t\t\t\t<a href=\"https:\/\/tempuste.ee\/en\/tartu-majutus\/\">\n\t\t\t\t\t\t\t<img decoding=\"async\" src=\"https:\/\/tempuste.ee\/wp-content\/uploads\/elementor\/thumbs\/estonishing-stay-duo-lofts-39-1600px-Foto-Liis-Reiman-13-1-qz8zlak4aelgghy69n3l5izgsiu1jsy91upnby8rxs.jpg\" title=\"k\u00fclaliskorterid Tartus\" alt=\"Foto: Liis Reiman\" class=\"elementor-animation-grow\" loading=\"lazy\" \/>\t\t\t\t\t\t\t\t<\/a>\n\t\t\t\t\t\t\t\t\t\t\t\t\t\t\t<\/div>\n\t\t\t\t<\/div>\n\t\t\t\t<div class=\"elementor-element elementor-element-60da369 elementor-align-center elementor-widget elementor-widget-button\" data-id=\"60da369\" data-element_type=\"widget\" data-e-type=\"widget\" data-widget_type=\"button.default\">\n\t\t\t\t<div class=\"elementor-widget-container\">\n\t\t\t\t\t\t\t\t\t<div class=\"elementor-button-wrapper\">\n\t\t\t\t\t<a class=\"elementor-button elementor-button-link elementor-size-sm\" href=\"https:\/\/tempuste.ee\/en\/tartu-majutus\/\">\n\t\t\t\t\t\t<span class=\"elementor-button-content-wrapper\">\n\t\t\t\t\t\t\t\t\t<span class=\"elementor-button-text\">See more<\/span>\n\t\t\t\t\t<\/span>\n\t\t\t\t\t<\/a>\n\t\t\t\t<\/div>\n\t\t\t\t\t\t\t\t<\/div>\n\t\t\t\t<\/div>\n\t\t\t\t<\/div>\n\t\t<div class=\"elementor-element elementor-element-f1437ee e-con-full e-flex e-con e-child\" data-id=\"f1437ee\" data-element_type=\"container\" data-e-type=\"container\">\n\t\t\t\t<div class=\"elementor-element elementor-element-b2cb515 elementor-widget elementor-widget-heading\" data-id=\"b2cb515\" data-element_type=\"widget\" data-e-type=\"widget\" data-widget_type=\"heading.default\">\n\t\t\t\t<div class=\"elementor-widget-container\">\n\t\t\t\t\t<h4 class=\"elementor-heading-title elementor-size-default\">P\u00e4rnu<\/h4>\t\t\t\t<\/div>\n\t\t\t\t<\/div>\n\t\t\t\t<div class=\"elementor-element elementor-element-d22d0dd elementor-widget elementor-widget-image\" data-id=\"d22d0dd\" data-element_type=\"widget\" data-e-type=\"widget\" data-settings=\"{&quot;_animation&quot;:&quot;none&quot;}\" data-widget_type=\"image.default\">\n\t\t\t\t<div class=\"elementor-widget-container\">\n\t\t\t\t\t\t\t\t\t\t\t\t\t\t\t\t<a href=\"https:\/\/tempuste.ee\/en\/parnu-majutus\/\">\n\t\t\t\t\t\t\t<img decoding=\"async\" src=\"https:\/\/tempuste.ee\/wp-content\/uploads\/elementor\/thumbs\/esplanaadi-10-foto-liis-reiman-13-of-20-qz8spl5995i6vvr7p2hykj9h61qu3akqntm7fvipo0.jpg\" title=\"esplanaadi-10-foto-liis-reiman (13 of 20)\" alt=\"esplanaadi-10-foto-liis-reiman (13 of 20)\" class=\"elementor-animation-grow\" loading=\"lazy\" \/>\t\t\t\t\t\t\t\t<\/a>\n\t\t\t\t\t\t\t\t\t\t\t\t\t\t\t<\/div>\n\t\t\t\t<\/div>\n\t\t\t\t<div class=\"elementor-element elementor-element-83bde1b elementor-align-center elementor-widget elementor-widget-button\" data-id=\"83bde1b\" data-element_type=\"widget\" data-e-type=\"widget\" data-widget_type=\"button.default\">\n\t\t\t\t<div class=\"elementor-widget-container\">\n\t\t\t\t\t\t\t\t\t<div class=\"elementor-button-wrapper\">\n\t\t\t\t\t<a class=\"elementor-button elementor-button-link elementor-size-sm\" href=\"https:\/\/tempuste.ee\/en\/parnu-majutus\/\">\n\t\t\t\t\t\t<span class=\"elementor-button-content-wrapper\">\n\t\t\t\t\t\t\t\t\t<span class=\"elementor-button-text\">See more<\/span>\n\t\t\t\t\t<\/span>\n\t\t\t\t\t<\/a>\n\t\t\t\t<\/div>\n\t\t\t\t\t\t\t\t<\/div>\n\t\t\t\t<\/div>\n\t\t\t\t<\/div>\n\t\t<div class=\"elementor-element elementor-element-eb28eb4 e-con-full e-flex e-con e-child\" data-id=\"eb28eb4\" data-element_type=\"container\" data-e-type=\"container\">\n\t\t\t\t<div class=\"elementor-element elementor-element-9c26600 elementor-widget elementor-widget-heading\" data-id=\"9c26600\" data-element_type=\"widget\" data-e-type=\"widget\" data-widget_type=\"heading.default\">\n\t\t\t\t<div class=\"elementor-widget-container\">\n\t\t\t\t\t<h4 class=\"elementor-heading-title elementor-size-default\">Tallinn<\/h4>\t\t\t\t<\/div>\n\t\t\t\t<\/div>\n\t\t\t\t<div class=\"elementor-element elementor-element-488049c elementor-widget elementor-widget-image\" data-id=\"488049c\" data-element_type=\"widget\" data-e-type=\"widget\" data-widget_type=\"image.default\">\n\t\t\t\t<div class=\"elementor-widget-container\">\n\t\t\t\t\t\t\t\t\t\t\t\t\t\t\t\t<a href=\"https:\/\/tempuste.ee\/en\/tallinn-majutus\/\">\n\t\t\t\t\t\t\t<img decoding=\"async\" src=\"https:\/\/tempuste.ee\/wp-content\/uploads\/elementor\/thumbs\/narva-mnt-40-401-foto-liis-reiman-16-of-16-1-qz8zlcfso2o13pvfynwuaiidzakrz75pq40mai5zlc.jpg\" title=\"k\u00fclaliskorterid Tallinnas\" alt=\"Foto: Liis Reiman\" class=\"elementor-animation-grow\" loading=\"lazy\" \/>\t\t\t\t\t\t\t\t<\/a>\n\t\t\t\t\t\t\t\t\t\t\t\t\t\t\t<\/div>\n\t\t\t\t<\/div>\n\t\t\t\t<div class=\"elementor-element elementor-element-3ee54f0 elementor-align-center elementor-widget elementor-widget-button\" data-id=\"3ee54f0\" data-element_type=\"widget\" data-e-type=\"widget\" data-widget_type=\"button.default\">\n\t\t\t\t<div class=\"elementor-widget-container\">\n\t\t\t\t\t\t\t\t\t<div class=\"elementor-button-wrapper\">\n\t\t\t\t\t<a class=\"elementor-button elementor-button-link elementor-size-sm\" href=\"https:\/\/tempuste.ee\/en\/tallinn-majutus\/\">\n\t\t\t\t\t\t<span class=\"elementor-button-content-wrapper\">\n\t\t\t\t\t\t\t\t\t<span class=\"elementor-button-text\">See more<\/span>\n\t\t\t\t\t<\/span>\n\t\t\t\t\t<\/a>\n\t\t\t\t<\/div>\n\t\t\t\t\t\t\t\t<\/div>\n\t\t\t\t<\/div>\n\t\t\t\t<\/div>\n\t\t\t\t\t<\/div>\n\t\t\t\t<\/div>\n\t\t<div class=\"elementor-element elementor-element-c387602 e-flex e-con-boxed e-con e-parent\" data-id=\"c387602\" data-element_type=\"container\" data-e-type=\"container\">\n\t\t\t\t\t<div class=\"e-con-inner\">\n\t\t\t\t<div class=\"elementor-element elementor-element-4cd52c3 elementor-widget elementor-widget-heading\" data-id=\"4cd52c3\" data-element_type=\"widget\" data-e-type=\"widget\" data-widget_type=\"heading.default\">\n\t\t\t\t<div class=\"elementor-widget-container\">\n\t\t\t\t\t<h3 class=\"elementor-heading-title elementor-size-default\">Write to us!<\/h3>\t\t\t\t<\/div>\n\t\t\t\t<\/div>\n\t\t\t\t<div class=\"elementor-element elementor-element-a8c4ed6 elementor-widget elementor-widget-text-editor\" data-id=\"a8c4ed6\" data-element_type=\"widget\" data-e-type=\"widget\" data-widget_type=\"text-editor.default\">\n\t\t\t\t<div class=\"elementor-widget-container\">\n\t\t\t\t\t\t\t\t\t<p>If you want more information about our accommodations or need help making a reservation, don't hesitate to contact us. We are always ready to answer your questions and help you find the right solution for you.<\/p>\t\t\t\t\t\t\t\t<\/div>\n\t\t\t\t<\/div>\n\t\t\t\t<div class=\"elementor-element elementor-element-fda8e44 elementor-align-center elementor-widget elementor-widget-button\" data-id=\"fda8e44\" data-element_type=\"widget\" data-e-type=\"widget\" data-widget_type=\"button.default\">\n\t\t\t\t<div class=\"elementor-widget-container\">\n\t\t\t\t\t\t\t\t\t<div class=\"elementor-button-wrapper\">\n\t\t\t\t\t<a class=\"elementor-button elementor-button-link elementor-size-sm\" href=\"https:\/\/tempuste.ee\/en\/kontakt\/\">\n\t\t\t\t\t\t<span class=\"elementor-button-content-wrapper\">\n\t\t\t\t\t\t\t\t\t<span class=\"elementor-button-text\">Get in touch<\/span>\n\t\t\t\t\t<\/span>\n\t\t\t\t\t<\/a>\n\t\t\t\t<\/div>\n\t\t\t\t\t\t\t\t<\/div>\n\t\t\t\t<\/div>\n\t\t\t\t\t<\/div>\n\t\t\t\t<\/div>\n\t\t\t\t<\/div>","protected":false},"excerpt":{"rendered":"<p>Majutused Iga meie kollektsiooni kuuluv majutusasutus on hoolikalt valitud, et pakkuda t\u00f5eliselt meeldej\u00e4\u00e4vat kogemust, \u00fchendades kodused mugavused tipptasemel hotelli mugavustega. Tempus Te pakub erinevaid unustamatuid majutuskogemusi, mis on kohandatud teie soovidele: alates modernsetest kodudest kesklinnades kuni glamuursete telkmajutusteni looduse r\u00fcpes.\u00a0 Tartu Vaata P\u00e4rnu Vaata Tallinn Vaata Kirjuta meile! Kui soovid lisainfot meie majutuste kohta v\u00f5i [&hellip;]<\/p>\n","protected":false},"author":1,"featured_media":0,"parent":0,"menu_order":0,"comment_status":"closed","ping_status":"closed","template":"","meta":{"site-sidebar-layout":"no-sidebar","site-content-layout":"page-builder","ast-site-content-layout":"full-width-container","site-content-style":"unboxed","site-sidebar-style":"unboxed","ast-global-header-display":"","ast-banner-title-visibility":"","ast-main-header-display":"","ast-hfb-above-header-display":"","ast-hfb-below-header-display":"","ast-hfb-mobile-header-display":"","site-post-title":"disabled","ast-breadcrumbs-content":"","ast-featured-img":"disabled","footer-sml-layout":"","ast-disable-related-posts":"","theme-transparent-header-meta":"disabled","adv-header-id-meta":"","stick-header-meta":"","header-above-stick-meta":"","header-main-stick-meta":"","header-below-stick-meta":"","astra-migrate-meta-layouts":"set","ast-page-background-enabled":"default","ast-page-background-meta":{"desktop":{"background-color":"","background-image":"","background-repeat":"repeat","background-position":"center center","background-size":"auto","background-attachment":"scroll","background-type":"","background-media":"","overlay-type":"","overlay-color":"","overlay-opacity":"","overlay-gradient":""},"tablet":{"background-color":"","background-image":"","background-repeat":"repeat","background-position":"center center","background-size":"auto","background-attachment":"scroll","background-type":"","background-media":"","overlay-type":"","overlay-color":"","overlay-opacity":"","overlay-gradient":""},"mobile":{"background-color":"","background-image":"","background-repeat":"repeat","background-position":"center center","background-size":"auto","background-attachment":"scroll","background-type":"","background-media":"","overlay-type":"","overlay-color":"","overlay-opacity":"","overlay-gradient":""}},"ast-content-background-meta":{"desktop":{"background-color":"var(--ast-global-color-5)","background-image":"","background-repeat":"repeat","background-position":"center center","background-size":"auto","background-attachment":"scroll","background-type":"","background-media":"","overlay-type":"","overlay-color":"","overlay-opacity":"","overlay-gradient":""},"tablet":{"background-color":"var(--ast-global-color-5)","background-image":"","background-repeat":"repeat","background-position":"center center","background-size":"auto","background-attachment":"scroll","background-type":"","background-media":"","overlay-type":"","overlay-color":"","overlay-opacity":"","overlay-gradient":""},"mobile":{"background-color":"var(--ast-global-color-5)","background-image":"","background-repeat":"repeat","background-position":"center center","background-size":"auto","background-attachment":"scroll","background-type":"","background-media":"","overlay-type":"","overlay-color":"","overlay-opacity":"","overlay-gradient":""}},"footnotes":""},"class_list":["post-144","page","type-page","status-publish","hentry"],"yoast_head":"<!-- This site is optimized with the Yoast SEO plugin v27.4 - https:\/\/yoast.com\/product\/yoast-seo-wordpress\/ -->\n<title>Majutused - Tempus Te<\/title>\n<meta name=\"description\" content=\"Tempus Te majutused Eesti parimates asukohtades: Tartu, P\u00e4rnu ja Tallinn. K\u00fclaliskorterid on varustatud k\u00f5ikide mugavustega.\" \/>\n<meta name=\"robots\" content=\"index, follow, max-snippet:-1, max-image-preview:large, max-video-preview:-1\" \/>\n<link rel=\"canonical\" href=\"https:\/\/tempuste.ee\/en\/majutused\/\" \/>\n<meta property=\"og:locale\" content=\"en_GB\" \/>\n<meta property=\"og:type\" content=\"article\" \/>\n<meta property=\"og:title\" content=\"Majutused - Tempus Te\" \/>\n<meta property=\"og:description\" content=\"Tempus Te majutused Eesti parimates asukohtades: Tartu, P\u00e4rnu ja Tallinn. K\u00fclaliskorterid on varustatud k\u00f5ikide mugavustega.\" \/>\n<meta property=\"og:url\" content=\"https:\/\/tempuste.ee\/en\/majutused\/\" \/>\n<meta property=\"og:site_name\" content=\"Tempus Te\" \/>\n<meta property=\"article:modified_time\" content=\"2024-12-30T15:57:08+00:00\" \/>\n<meta property=\"og:image\" content=\"https:\/\/tempuste.ee\/wp-content\/uploads\/elementor\/thumbs\/estonishing-stay-duo-lofts-39-1600px-Foto-Liis-Reiman-13-1-qz8zlak4aelgghy69n3l5izgsiu1jsy91upnby8rxs.jpg\" \/>\n<meta name=\"twitter:card\" content=\"summary_large_image\" \/>\n<meta name=\"twitter:label1\" content=\"Estimated reading time\" \/>\n\t<meta name=\"twitter:data1\" content=\"2 minutes\" \/>\n<script type=\"application\/ld+json\" class=\"yoast-schema-graph\">{\"@context\":\"https:\\\/\\\/schema.org\",\"@graph\":[{\"@type\":\"WebPage\",\"@id\":\"https:\\\/\\\/tempuste.ee\\\/majutused\\\/\",\"url\":\"https:\\\/\\\/tempuste.ee\\\/majutused\\\/\",\"name\":\"Majutused - Tempus Te\",\"isPartOf\":{\"@id\":\"https:\\\/\\\/tempuste.ee\\\/#website\"},\"primaryImageOfPage\":{\"@id\":\"https:\\\/\\\/tempuste.ee\\\/majutused\\\/#primaryimage\"},\"image\":{\"@id\":\"https:\\\/\\\/tempuste.ee\\\/majutused\\\/#primaryimage\"},\"thumbnailUrl\":\"https:\\\/\\\/tempuste.ee\\\/wp-content\\\/uploads\\\/elementor\\\/thumbs\\\/estonishing-stay-duo-lofts-39-1600px-Foto-Liis-Reiman-13-1-qz8zlak4aelgghy69n3l5izgsiu1jsy91upnby8rxs.jpg\",\"datePublished\":\"2024-12-29T22:56:25+00:00\",\"dateModified\":\"2024-12-30T15:57:08+00:00\",\"description\":\"Tempus Te majutused Eesti parimates asukohtades: Tartu, P\u00e4rnu ja Tallinn. K\u00fclaliskorterid on varustatud k\u00f5ikide mugavustega.\",\"breadcrumb\":{\"@id\":\"https:\\\/\\\/tempuste.ee\\\/majutused\\\/#breadcrumb\"},\"inLanguage\":\"en-GB\",\"potentialAction\":[{\"@type\":\"ReadAction\",\"target\":[\"https:\\\/\\\/tempuste.ee\\\/majutused\\\/\"]}]},{\"@type\":\"ImageObject\",\"inLanguage\":\"en-GB\",\"@id\":\"https:\\\/\\\/tempuste.ee\\\/majutused\\\/#primaryimage\",\"url\":\"https:\\\/\\\/tempuste.ee\\\/wp-content\\\/uploads\\\/elementor\\\/thumbs\\\/estonishing-stay-duo-lofts-39-1600px-Foto-Liis-Reiman-13-1-qz8zlak4aelgghy69n3l5izgsiu1jsy91upnby8rxs.jpg\",\"contentUrl\":\"https:\\\/\\\/tempuste.ee\\\/wp-content\\\/uploads\\\/elementor\\\/thumbs\\\/estonishing-stay-duo-lofts-39-1600px-Foto-Liis-Reiman-13-1-qz8zlak4aelgghy69n3l5izgsiu1jsy91upnby8rxs.jpg\"},{\"@type\":\"BreadcrumbList\",\"@id\":\"https:\\\/\\\/tempuste.ee\\\/majutused\\\/#breadcrumb\",\"itemListElement\":[{\"@type\":\"ListItem\",\"position\":1,\"name\":\"Home\",\"item\":\"https:\\\/\\\/tempuste.ee\\\/\"},{\"@type\":\"ListItem\",\"position\":2,\"name\":\"Majutused\"}]},{\"@type\":\"WebSite\",\"@id\":\"https:\\\/\\\/tempuste.ee\\\/#website\",\"url\":\"https:\\\/\\\/tempuste.ee\\\/\",\"name\":\"Tempus Te\",\"description\":\"K\u00fclaliskorterid Tartus, P\u00e4rnus ja Tallinnas\",\"publisher\":{\"@id\":\"https:\\\/\\\/tempuste.ee\\\/#organization\"},\"potentialAction\":[{\"@type\":\"SearchAction\",\"target\":{\"@type\":\"EntryPoint\",\"urlTemplate\":\"https:\\\/\\\/tempuste.ee\\\/?s={search_term_string}\"},\"query-input\":{\"@type\":\"PropertyValueSpecification\",\"valueRequired\":true,\"valueName\":\"search_term_string\"}}],\"inLanguage\":\"en-GB\"},{\"@type\":\"Organization\",\"@id\":\"https:\\\/\\\/tempuste.ee\\\/#organization\",\"name\":\"Tempus Te\",\"url\":\"https:\\\/\\\/tempuste.ee\\\/\",\"logo\":{\"@type\":\"ImageObject\",\"inLanguage\":\"en-GB\",\"@id\":\"https:\\\/\\\/tempuste.ee\\\/#\\\/schema\\\/logo\\\/image\\\/\",\"url\":\"https:\\\/\\\/tempuste.ee\\\/wp-content\\\/uploads\\\/2024\\\/12\\\/cropped-tempsu-te-2.png\",\"contentUrl\":\"https:\\\/\\\/tempuste.ee\\\/wp-content\\\/uploads\\\/2024\\\/12\\\/cropped-tempsu-te-2.png\",\"width\":1000,\"height\":587,\"caption\":\"Tempus Te\"},\"image\":{\"@id\":\"https:\\\/\\\/tempuste.ee\\\/#\\\/schema\\\/logo\\\/image\\\/\"}}]}<\/script>\n<!-- \/ Yoast SEO plugin. -->","yoast_head_json":{"title":"Majutused - Tempus Te","description":"Tempus Te majutused Eesti parimates asukohtades: Tartu, P\u00e4rnu ja Tallinn. K\u00fclaliskorterid on varustatud k\u00f5ikide mugavustega.","robots":{"index":"index","follow":"follow","max-snippet":"max-snippet:-1","max-image-preview":"max-image-preview:large","max-video-preview":"max-video-preview:-1"},"canonical":"https:\/\/tempuste.ee\/en\/majutused\/","og_locale":"en_GB","og_type":"article","og_title":"Majutused - Tempus Te","og_description":"Tempus Te majutused Eesti parimates asukohtades: Tartu, P\u00e4rnu ja Tallinn. K\u00fclaliskorterid on varustatud k\u00f5ikide mugavustega.","og_url":"https:\/\/tempuste.ee\/en\/majutused\/","og_site_name":"Tempus Te","article_modified_time":"2024-12-30T15:57:08+00:00","og_image":[{"url":"https:\/\/tempuste.ee\/wp-content\/uploads\/elementor\/thumbs\/estonishing-stay-duo-lofts-39-1600px-Foto-Liis-Reiman-13-1-qz8zlak4aelgghy69n3l5izgsiu1jsy91upnby8rxs.jpg","type":"","width":"","height":""}],"twitter_card":"summary_large_image","twitter_misc":{"Estimated reading time":"2 minutes"},"schema":{"@context":"https:\/\/schema.org","@graph":[{"@type":"WebPage","@id":"https:\/\/tempuste.ee\/majutused\/","url":"https:\/\/tempuste.ee\/majutused\/","name":"Majutused - Tempus Te","isPartOf":{"@id":"https:\/\/tempuste.ee\/#website"},"primaryImageOfPage":{"@id":"https:\/\/tempuste.ee\/majutused\/#primaryimage"},"image":{"@id":"https:\/\/tempuste.ee\/majutused\/#primaryimage"},"thumbnailUrl":"https:\/\/tempuste.ee\/wp-content\/uploads\/elementor\/thumbs\/estonishing-stay-duo-lofts-39-1600px-Foto-Liis-Reiman-13-1-qz8zlak4aelgghy69n3l5izgsiu1jsy91upnby8rxs.jpg","datePublished":"2024-12-29T22:56:25+00:00","dateModified":"2024-12-30T15:57:08+00:00","description":"Tempus Te majutused Eesti parimates asukohtades: Tartu, P\u00e4rnu ja Tallinn. K\u00fclaliskorterid on varustatud k\u00f5ikide mugavustega.","breadcrumb":{"@id":"https:\/\/tempuste.ee\/majutused\/#breadcrumb"},"inLanguage":"en-GB","potentialAction":[{"@type":"ReadAction","target":["https:\/\/tempuste.ee\/majutused\/"]}]},{"@type":"ImageObject","inLanguage":"en-GB","@id":"https:\/\/tempuste.ee\/majutused\/#primaryimage","url":"https:\/\/tempuste.ee\/wp-content\/uploads\/elementor\/thumbs\/estonishing-stay-duo-lofts-39-1600px-Foto-Liis-Reiman-13-1-qz8zlak4aelgghy69n3l5izgsiu1jsy91upnby8rxs.jpg","contentUrl":"https:\/\/tempuste.ee\/wp-content\/uploads\/elementor\/thumbs\/estonishing-stay-duo-lofts-39-1600px-Foto-Liis-Reiman-13-1-qz8zlak4aelgghy69n3l5izgsiu1jsy91upnby8rxs.jpg"},{"@type":"BreadcrumbList","@id":"https:\/\/tempuste.ee\/majutused\/#breadcrumb","itemListElement":[{"@type":"ListItem","position":1,"name":"Home","item":"https:\/\/tempuste.ee\/"},{"@type":"ListItem","position":2,"name":"Majutused"}]},{"@type":"WebSite","@id":"https:\/\/tempuste.ee\/#website","url":"https:\/\/tempuste.ee\/","name":"Tempus Te","description":"K\u00fclaliskorterid Tartus, P\u00e4rnus ja Tallinnas","publisher":{"@id":"https:\/\/tempuste.ee\/#organization"},"potentialAction":[{"@type":"SearchAction","target":{"@type":"EntryPoint","urlTemplate":"https:\/\/tempuste.ee\/?s={search_term_string}"},"query-input":{"@type":"PropertyValueSpecification","valueRequired":true,"valueName":"search_term_string"}}],"inLanguage":"en-GB"},{"@type":"Organization","@id":"https:\/\/tempuste.ee\/#organization","name":"Tempus Te","url":"https:\/\/tempuste.ee\/","logo":{"@type":"ImageObject","inLanguage":"en-GB","@id":"https:\/\/tempuste.ee\/#\/schema\/logo\/image\/","url":"https:\/\/tempuste.ee\/wp-content\/uploads\/2024\/12\/cropped-tempsu-te-2.png","contentUrl":"https:\/\/tempuste.ee\/wp-content\/uploads\/2024\/12\/cropped-tempsu-te-2.png","width":1000,"height":587,"caption":"Tempus Te"},"image":{"@id":"https:\/\/tempuste.ee\/#\/schema\/logo\/image\/"}}]}},"_links":{"self":[{"href":"https:\/\/tempuste.ee\/en\/wp-json\/wp\/v2\/pages\/144","targetHints":{"allow":["GET"]}}],"collection":[{"href":"https:\/\/tempuste.ee\/en\/wp-json\/wp\/v2\/pages"}],"about":[{"href":"https:\/\/tempuste.ee\/en\/wp-json\/wp\/v2\/types\/page"}],"author":[{"embeddable":true,"href":"https:\/\/tempuste.ee\/en\/wp-json\/wp\/v2\/users\/1"}],"replies":[{"embeddable":true,"href":"https:\/\/tempuste.ee\/en\/wp-json\/wp\/v2\/comments?post=144"}],"version-history":[{"count":68,"href":"https:\/\/tempuste.ee\/en\/wp-json\/wp\/v2\/pages\/144\/revisions"}],"predecessor-version":[{"id":1509,"href":"https:\/\/tempuste.ee\/en\/wp-json\/wp\/v2\/pages\/144\/revisions\/1509"}],"wp:attachment":[{"href":"https:\/\/tempuste.ee\/en\/wp-json\/wp\/v2\/media?parent=144"}],"curies":[{"name":"wp","href":"https:\/\/api.w.org\/{rel}","templated":true}]}}